{"id":1797,"date":"2024-10-02T09:33:05","date_gmt":"2024-10-02T07:33:05","guid":{"rendered":"https:\/\/acoutech.ch\/acouoffice\/"},"modified":"2026-03-31T16:06:00","modified_gmt":"2026-03-31T14:06:00","slug":"acouoffice","status":"publish","type":"page","link":"https:\/\/acoutech.ch\/fr\/acouoffice\/","title":{"rendered":"acouOffice"},"content":{"rendered":"<div class=\"wpb-content-wrapper\"><p>[vc_row css_animation=&#8221;&#8221; row_type=&#8221;row&#8221; use_row_as_full_screen_section=&#8221;no&#8221; type=&#8221;full_width&#8221; angled_section=&#8221;no&#8221; text_align=&#8221;left&#8221; background_image_as_pattern=&#8221;without_pattern&#8221; css=&#8221;.vc_custom_1721207140344{padding-top: 1% !important;padding-right: 10% !important;padding-left: 10% !important;}&#8221; z_index=&#8221;&#8221;][vc_column]<div class='projects_holder_outer v5 portfolio_with_space portfolio_standard'>\n        <div class='projects_holder portfolio_main_holder clearfix v5 standard portfolio_full_image '>\n        \n        <article class='mix portfolio_category_82 default' style=''>\n    \n    \n    \n    \n            <div class=\"item_holder thin_plus_only\">\n\n                    <div class=\"text_holder\">\n        <div class=\"text_holder_outer\">\n            <div class=\"text_holder_inner\">\n                            <span class=\"thin_plus_only_icon\">+<\/span>\n                        <\/div>\n        <\/div>\n    <\/div>\n\n                                    <a itemprop=\"url\" class=\"portfolio_link_class\" title=\"acouPod&lt;br&gt;Cabine individuelle\" href=\"https:\/\/acoutech.ch\/fr\/portfolio_page\/acoupod-cabine-individuelle\/\"><\/a>\n                \n                <div style=\"\" class=\"portfolio_shader\"><\/div>\n                <div class=\"image_holder\">\n                    \n<span class='image'><img fetchpriority=\"high\" decoding=\"async\" width=\"437\" height=\"437\" src=\"https:\/\/acoutech.ch\/wp-content\/uploads\/2024\/05\/10-Acoutech-GmbH-AcouOffice-vorschau-1.png\" class=\"attachment-full size-full wp-post-image\" alt=\"AcouOffice flexi series Acoutech GmbH syst\u00e8mes acoustiques Lachen Suisse\" srcset=\"https:\/\/acoutech.ch\/wp-content\/uploads\/2024\/05\/10-Acoutech-GmbH-AcouOffice-vorschau-1.png 437w, https:\/\/acoutech.ch\/wp-content\/uploads\/2024\/05\/10-Acoutech-GmbH-AcouOffice-vorschau-1-300x300.png 300w, https:\/\/acoutech.ch\/wp-content\/uploads\/2024\/05\/10-Acoutech-GmbH-AcouOffice-vorschau-1-150x150.png 150w\" sizes=\"(max-width: 437px) 100vw, 437px\" \/><\/span>                <\/div>\n            <\/div>\n\n                <div class='portfolio_description ' >\n\n        \n    <h5 itemprop=\"name\" class=\"portfolio_title entry_title\"><a itemprop=\"url\" href=\"https:\/\/acoutech.ch\/fr\/portfolio_page\/acoupod-cabine-individuelle\/\"  target=\"_self\"> acouPod<br>Cabine individuelle<\/a><\/h5>\n\n\n        \n        \n    <\/div>\n\n        \n<\/article>\n<article class='mix portfolio_category_82 default' style=''>\n    \n    \n    \n    \n            <div class=\"item_holder thin_plus_only\">\n\n                    <div class=\"text_holder\">\n        <div class=\"text_holder_outer\">\n            <div class=\"text_holder_inner\">\n                            <span class=\"thin_plus_only_icon\">+<\/span>\n                        <\/div>\n        <\/div>\n    <\/div>\n\n                                    <a itemprop=\"url\" class=\"portfolio_link_class\" title=\"acouSpace&lt;br&gt;Salle de r\u00e9union\" href=\"https:\/\/acoutech.ch\/fr\/portfolio_page\/acouspace-salle-de-reunion\/\"><\/a>\n                \n                <div style=\"\" class=\"portfolio_shader\"><\/div>\n                <div class=\"image_holder\">\n                    \n<span class='image'><img decoding=\"async\" width=\"437\" height=\"437\" src=\"https:\/\/acoutech.ch\/wp-content\/uploads\/2024\/10\/10-Acoutech-GmbH-AcouOffice-Sitzungszimmer-vorschau.png\" class=\"attachment-full size-full wp-post-image\" alt=\"acouOffice flexi series acoutech gmbh syst\u00e8mes acoustiques Lachen Suisse\" srcset=\"https:\/\/acoutech.ch\/wp-content\/uploads\/2024\/10\/10-Acoutech-GmbH-AcouOffice-Sitzungszimmer-vorschau.png 437w, https:\/\/acoutech.ch\/wp-content\/uploads\/2024\/10\/10-Acoutech-GmbH-AcouOffice-Sitzungszimmer-vorschau-300x300.png 300w, https:\/\/acoutech.ch\/wp-content\/uploads\/2024\/10\/10-Acoutech-GmbH-AcouOffice-Sitzungszimmer-vorschau-150x150.png 150w\" sizes=\"(max-width: 437px) 100vw, 437px\" \/><\/span>                <\/div>\n            <\/div>\n\n                <div class='portfolio_description ' >\n\n        \n    <h5 itemprop=\"name\" class=\"portfolio_title entry_title\"><a itemprop=\"url\" href=\"https:\/\/acoutech.ch\/fr\/portfolio_page\/acouspace-salle-de-reunion\/\"  target=\"_self\"> acouSpace<br>Salle de r\u00e9union<\/a><\/h5>\n\n\n        \n        \n    <\/div>\n\n        \n<\/article>\n<article class='mix portfolio_category_82 default' style=''>\n    \n    \n    \n    \n            <div class=\"item_holder thin_plus_only\">\n\n                    <div class=\"text_holder\">\n        <div class=\"text_holder_outer\">\n            <div class=\"text_holder_inner\">\n                            <span class=\"thin_plus_only_icon\">+<\/span>\n                        <\/div>\n        <\/div>\n    <\/div>\n\n                                    <a itemprop=\"url\" class=\"portfolio_link_class\" title=\"acouDesk140&lt;br&gt;Poste de travail\" href=\"https:\/\/acoutech.ch\/fr\/portfolio_page\/acoudesk140-poste-de-travail\/\"><\/a>\n                \n                <div style=\"\" class=\"portfolio_shader\"><\/div>\n                <div class=\"image_holder\">\n                    \n<span class='image'><img decoding=\"async\" width=\"437\" height=\"437\" src=\"https:\/\/acoutech.ch\/wp-content\/uploads\/2024\/10\/10-Acoutech-GmbH-AcouDesk140-Sitzungszimmer-vorschau.png\" class=\"attachment-full size-full wp-post-image\" alt=\"acouOffice flexi series acoutech gmbh syst\u00e8mes acoustiques Lachen Suisse\" srcset=\"https:\/\/acoutech.ch\/wp-content\/uploads\/2024\/10\/10-Acoutech-GmbH-AcouDesk140-Sitzungszimmer-vorschau.png 437w, https:\/\/acoutech.ch\/wp-content\/uploads\/2024\/10\/10-Acoutech-GmbH-AcouDesk140-Sitzungszimmer-vorschau-300x300.png 300w, https:\/\/acoutech.ch\/wp-content\/uploads\/2024\/10\/10-Acoutech-GmbH-AcouDesk140-Sitzungszimmer-vorschau-150x150.png 150w\" sizes=\"(max-width: 437px) 100vw, 437px\" \/><\/span>                <\/div>\n            <\/div>\n\n                <div class='portfolio_description ' >\n\n        \n    <h5 itemprop=\"name\" class=\"portfolio_title entry_title\"><a itemprop=\"url\" href=\"https:\/\/acoutech.ch\/fr\/portfolio_page\/acoudesk140-poste-de-travail\/\"  target=\"_self\"> acouDesk140<br>Poste de travail<\/a><\/h5>\n\n\n        \n        \n    <\/div>\n\n        \n<\/article>\n<article class='mix portfolio_category_82 default' style=''>\n    \n    \n    \n    \n            <div class=\"item_holder thin_plus_only\">\n\n                    <div class=\"text_holder\">\n        <div class=\"text_holder_outer\">\n            <div class=\"text_holder_inner\">\n                            <span class=\"thin_plus_only_icon\">+<\/span>\n                        <\/div>\n        <\/div>\n    <\/div>\n\n                                    <a itemprop=\"url\" class=\"portfolio_link_class\" title=\"acouDesk195&lt;br&gt;Poste de travail\" href=\"https:\/\/acoutech.ch\/fr\/portfolio_page\/acoudesk195-poste-de-travail\/\"><\/a>\n                \n                <div style=\"\" class=\"portfolio_shader\"><\/div>\n                <div class=\"image_holder\">\n                    \n<span class='image'><img loading=\"lazy\" decoding=\"async\" width=\"437\" height=\"437\" src=\"https:\/\/acoutech.ch\/wp-content\/uploads\/2024\/10\/10-Acoutech-GmbH-AcouOffice-Schreibtischverkleidung-vorschau.png\" class=\"attachment-full size-full wp-post-image\" alt=\"acouOffice flexi series acoutech gmbh syst\u00e8mes acoustiques Lachen Suisse\" srcset=\"https:\/\/acoutech.ch\/wp-content\/uploads\/2024\/10\/10-Acoutech-GmbH-AcouOffice-Schreibtischverkleidung-vorschau.png 437w, https:\/\/acoutech.ch\/wp-content\/uploads\/2024\/10\/10-Acoutech-GmbH-AcouOffice-Schreibtischverkleidung-vorschau-300x300.png 300w, https:\/\/acoutech.ch\/wp-content\/uploads\/2024\/10\/10-Acoutech-GmbH-AcouOffice-Schreibtischverkleidung-vorschau-150x150.png 150w\" sizes=\"(max-width: 437px) 100vw, 437px\" \/><\/span>                <\/div>\n            <\/div>\n\n                <div class='portfolio_description ' >\n\n        \n    <h5 itemprop=\"name\" class=\"portfolio_title entry_title\"><a itemprop=\"url\" href=\"https:\/\/acoutech.ch\/fr\/portfolio_page\/acoudesk195-poste-de-travail\/\"  target=\"_self\"> acouDesk195<br>Poste de travail<\/a><\/h5>\n\n\n        \n        \n    <\/div>\n\n        \n<\/article>\n<article class='mix portfolio_category_82 default' style=''>\n    \n    \n    \n    \n            <div class=\"item_holder thin_plus_only\">\n\n                    <div class=\"text_holder\">\n        <div class=\"text_holder_outer\">\n            <div class=\"text_holder_inner\">\n                            <span class=\"thin_plus_only_icon\">+<\/span>\n                        <\/div>\n        <\/div>\n    <\/div>\n\n                                    <a itemprop=\"url\" class=\"portfolio_link_class\" title=\"acouDivider&lt;br&gt;S\u00e9parateur de pi\u00e8ce\" href=\"https:\/\/acoutech.ch\/fr\/portfolio_page\/acoudivider-separateur-de-piece\/\"><\/a>\n                \n                <div style=\"\" class=\"portfolio_shader\"><\/div>\n                <div class=\"image_holder\">\n                    \n<span class='image'><img loading=\"lazy\" decoding=\"async\" width=\"437\" height=\"437\" src=\"https:\/\/acoutech.ch\/wp-content\/uploads\/2024\/10\/10-Acoutech-GmbH-AcouOffice-Raumtrenner-vorschau.png\" class=\"attachment-full size-full wp-post-image\" alt=\"acouOffice flexi series acoutech gmbh syst\u00e8mes acoustiques Lachen Suisse\" srcset=\"https:\/\/acoutech.ch\/wp-content\/uploads\/2024\/10\/10-Acoutech-GmbH-AcouOffice-Raumtrenner-vorschau.png 437w, https:\/\/acoutech.ch\/wp-content\/uploads\/2024\/10\/10-Acoutech-GmbH-AcouOffice-Raumtrenner-vorschau-300x300.png 300w, https:\/\/acoutech.ch\/wp-content\/uploads\/2024\/10\/10-Acoutech-GmbH-AcouOffice-Raumtrenner-vorschau-150x150.png 150w\" sizes=\"(max-width: 437px) 100vw, 437px\" \/><\/span>                <\/div>\n            <\/div>\n\n                <div class='portfolio_description ' >\n\n        \n    <h5 itemprop=\"name\" class=\"portfolio_title entry_title\"><a itemprop=\"url\" href=\"https:\/\/acoutech.ch\/fr\/portfolio_page\/acoudivider-separateur-de-piece\/\"  target=\"_self\"> acouDivider<br>S\u00e9parateur de pi\u00e8ce<\/a><\/h5>\n\n\n        \n        \n    <\/div>\n\n        \n<\/article>\n<article class='mix portfolio_category_82 default' style=''>\n    \n    \n    \n    \n            <div class=\"item_holder thin_plus_only\">\n\n                    <div class=\"text_holder\">\n        <div class=\"text_holder_outer\">\n            <div class=\"text_holder_inner\">\n                            <span class=\"thin_plus_only_icon\">+<\/span>\n                        <\/div>\n        <\/div>\n    <\/div>\n\n                                    <a itemprop=\"url\" class=\"portfolio_link_class\" title=\"acouShelf&lt;br&gt;\u00c9tag\u00e8re\" href=\"https:\/\/acoutech.ch\/fr\/portfolio_page\/acoushelf-etagere\/\"><\/a>\n                \n                <div style=\"\" class=\"portfolio_shader\"><\/div>\n                <div class=\"image_holder\">\n                    \n<span class='image'><img loading=\"lazy\" decoding=\"async\" width=\"437\" height=\"437\" src=\"https:\/\/acoutech.ch\/wp-content\/uploads\/2024\/10\/10-Acoutech-GmbH-AcouOffice-Regal-vorschau.png\" class=\"attachment-full size-full wp-post-image\" alt=\"acouOffice flexi series acoutech gmbh syst\u00e8mes acoustiques Lachen Suisse\" srcset=\"https:\/\/acoutech.ch\/wp-content\/uploads\/2024\/10\/10-Acoutech-GmbH-AcouOffice-Regal-vorschau.png 437w, https:\/\/acoutech.ch\/wp-content\/uploads\/2024\/10\/10-Acoutech-GmbH-AcouOffice-Regal-vorschau-300x300.png 300w, https:\/\/acoutech.ch\/wp-content\/uploads\/2024\/10\/10-Acoutech-GmbH-AcouOffice-Regal-vorschau-150x150.png 150w\" sizes=\"(max-width: 437px) 100vw, 437px\" \/><\/span>                <\/div>\n            <\/div>\n\n                <div class='portfolio_description ' >\n\n        \n    <h5 itemprop=\"name\" class=\"portfolio_title entry_title\"><a itemprop=\"url\" href=\"https:\/\/acoutech.ch\/fr\/portfolio_page\/acoushelf-etagere\/\"  target=\"_self\"> acouShelf<br>\u00c9tag\u00e8re<\/a><\/h5>\n\n\n        \n        \n    <\/div>\n\n        \n<\/article>\n<article class='mix portfolio_category_82 default' style=''>\n    \n    \n    \n    \n            <div class=\"item_holder thin_plus_only\">\n\n                    <div class=\"text_holder\">\n        <div class=\"text_holder_outer\">\n            <div class=\"text_holder_inner\">\n                            <span class=\"thin_plus_only_icon\">+<\/span>\n                        <\/div>\n        <\/div>\n    <\/div>\n\n                                    <a itemprop=\"url\" class=\"portfolio_link_class\" title=\"acouPlanter&lt;br&gt;Support pour plantes\" href=\"https:\/\/acoutech.ch\/fr\/portfolio_page\/acouplanter-support-pour-plantes\/\"><\/a>\n                \n                <div style=\"\" class=\"portfolio_shader\"><\/div>\n                <div class=\"image_holder\">\n                    \n<span class='image'><img loading=\"lazy\" decoding=\"async\" width=\"437\" height=\"437\" src=\"https:\/\/acoutech.ch\/wp-content\/uploads\/2024\/10\/10-Acoutech-GmbH-AcouOffice-Pflanzengestell-vorschau-1.png\" class=\"attachment-full size-full wp-post-image\" alt=\"acouOffice flexi series acoutech gmbh syst\u00e8mes acoustiques Lachen Suisse\" srcset=\"https:\/\/acoutech.ch\/wp-content\/uploads\/2024\/10\/10-Acoutech-GmbH-AcouOffice-Pflanzengestell-vorschau-1.png 437w, https:\/\/acoutech.ch\/wp-content\/uploads\/2024\/10\/10-Acoutech-GmbH-AcouOffice-Pflanzengestell-vorschau-1-300x300.png 300w, https:\/\/acoutech.ch\/wp-content\/uploads\/2024\/10\/10-Acoutech-GmbH-AcouOffice-Pflanzengestell-vorschau-1-150x150.png 150w\" sizes=\"(max-width: 437px) 100vw, 437px\" \/><\/span>                <\/div>\n            <\/div>\n\n                <div class='portfolio_description ' >\n\n        \n    <h5 itemprop=\"name\" class=\"portfolio_title entry_title\"><a itemprop=\"url\" href=\"https:\/\/acoutech.ch\/fr\/portfolio_page\/acouplanter-support-pour-plantes\/\"  target=\"_self\"> acouPlanter<br>Support pour plantes<\/a><\/h5>\n\n\n        \n        \n    <\/div>\n\n        \n<\/article>\n<article class='mix portfolio_category_82 default' style=''>\n    \n    \n    \n    \n            <div class=\"item_holder thin_plus_only\">\n\n                    <div class=\"text_holder\">\n        <div class=\"text_holder_outer\">\n            <div class=\"text_holder_inner\">\n                            <span class=\"thin_plus_only_icon\">+<\/span>\n                        <\/div>\n        <\/div>\n    <\/div>\n\n                                    <a itemprop=\"url\" class=\"portfolio_link_class\" title=\"acouBench&lt;br&gt;Banc \/ Tabouret\" href=\"https:\/\/acoutech.ch\/fr\/portfolio_page\/acoubench-banc-tabouret\/\"><\/a>\n                \n                <div style=\"\" class=\"portfolio_shader\"><\/div>\n                <div class=\"image_holder\">\n                    \n<span class='image'><img loading=\"lazy\" decoding=\"async\" width=\"437\" height=\"437\" src=\"https:\/\/acoutech.ch\/wp-content\/uploads\/2024\/10\/10-Acoutech-GmbH-AcouOffice-Sitzbank-vorschau.png\" class=\"attachment-full size-full wp-post-image\" alt=\"acouOffice flexi series acoutech gmbh syst\u00e8mes acoustiques Lachen Suisse\" srcset=\"https:\/\/acoutech.ch\/wp-content\/uploads\/2024\/10\/10-Acoutech-GmbH-AcouOffice-Sitzbank-vorschau.png 437w, https:\/\/acoutech.ch\/wp-content\/uploads\/2024\/10\/10-Acoutech-GmbH-AcouOffice-Sitzbank-vorschau-300x300.png 300w, https:\/\/acoutech.ch\/wp-content\/uploads\/2024\/10\/10-Acoutech-GmbH-AcouOffice-Sitzbank-vorschau-150x150.png 150w\" sizes=\"(max-width: 437px) 100vw, 437px\" \/><\/span>                <\/div>\n            <\/div>\n\n                <div class='portfolio_description ' >\n\n        \n    <h5 itemprop=\"name\" class=\"portfolio_title entry_title\"><a itemprop=\"url\" href=\"https:\/\/acoutech.ch\/fr\/portfolio_page\/acoubench-banc-tabouret\/\"  target=\"_self\"> acouBench<br>Banc \/ Tabouret<\/a><\/h5>\n\n\n        \n        \n    <\/div>\n\n        \n<\/article>\n<article class='mix portfolio_category_82 default' style=''>\n    \n    \n    \n    \n            <div class=\"item_holder thin_plus_only\">\n\n                    <div class=\"text_holder\">\n        <div class=\"text_holder_outer\">\n            <div class=\"text_holder_inner\">\n                            <span class=\"thin_plus_only_icon\">+<\/span>\n                        <\/div>\n        <\/div>\n    <\/div>\n\n                                    <a itemprop=\"url\" class=\"portfolio_link_class\" title=\"acouCorner&lt;br&gt;\u00c9l\u00e9ment de connexion\" href=\"https:\/\/acoutech.ch\/fr\/portfolio_page\/acoucorner-element-de-connexion\/\"><\/a>\n                \n                <div style=\"\" class=\"portfolio_shader\"><\/div>\n                <div class=\"image_holder\">\n                    \n<span class='image'><img loading=\"lazy\" decoding=\"async\" width=\"437\" height=\"437\" src=\"https:\/\/acoutech.ch\/wp-content\/uploads\/2024\/10\/10-Acoutech-GmbH-AcouCorner-Vorschau.png\" class=\"attachment-full size-full wp-post-image\" alt=\"acouOffice flexi series acoutech gmbh syst\u00e8mes acoustiques Lachen Suisse\" srcset=\"https:\/\/acoutech.ch\/wp-content\/uploads\/2024\/10\/10-Acoutech-GmbH-AcouCorner-Vorschau.png 437w, https:\/\/acoutech.ch\/wp-content\/uploads\/2024\/10\/10-Acoutech-GmbH-AcouCorner-Vorschau-300x300.png 300w, https:\/\/acoutech.ch\/wp-content\/uploads\/2024\/10\/10-Acoutech-GmbH-AcouCorner-Vorschau-150x150.png 150w\" sizes=\"(max-width: 437px) 100vw, 437px\" \/><\/span>                <\/div>\n            <\/div>\n\n                <div class='portfolio_description ' >\n\n        \n    <h5 itemprop=\"name\" class=\"portfolio_title entry_title\"><a itemprop=\"url\" href=\"https:\/\/acoutech.ch\/fr\/portfolio_page\/acoucorner-element-de-connexion\/\"  target=\"_self\"> acouCorner<br>\u00c9l\u00e9ment de connexion<\/a><\/h5>\n\n\n        \n        \n    <\/div>\n\n        \n<\/article>\n        <div class='filler'><\/div>\n            <div class='filler'><\/div>\n            <div class='filler'><\/div>\n            <div class='filler'><\/div>\n            <div class='filler'><\/div>\n        <\/div>\n\n    \n    <\/div>[\/vc_column][\/vc_row]<\/p>\n<\/div>","protected":false},"excerpt":{"rendered":"<p>[vc_row css_animation=&#8221;&#8221; row_type=&#8221;row&#8221; use_row_as_full_screen_section=&#8221;no&#8221; type=&#8221;full_width&#8221; angled_section=&#8221;no&#8221; text_align=&#8221;left&#8221; background_image_as_pattern=&#8221;without_pattern&#8221; css=&#8221;.vc_custom_1721207140344{padding-top: 1% !important;padding-right: 10% !important;padding-left: 10% !important;}&#8221; z_index=&#8221;&#8221;][vc_column][\/vc_column][\/vc_row]<\/p>\n","protected":false},"author":4,"featured_media":0,"parent":0,"menu_order":4,"comment_status":"closed","ping_status":"closed","template":"full_width.php","meta":{"footnotes":""},"class_list":["post-1797","page","type-page","status-publish","hentry"],"yoast_head":"<!-- This site is optimized with the Yoast SEO plugin v27.4 - https:\/\/yoast.com\/product\/yoast-seo-wordpress\/ -->\n<title>acouOffice - acoutech gmbh<\/title>\n<meta name=\"description\" content=\"D\u00e9couvrez nos produits acouOffice - un concept unique, fabriqu\u00e9 \u00e0 partir de ressources naturellement renouvelables.\" \/>\n<meta name=\"robots\" content=\"index, follow, max-snippet:-1, max-image-preview:large, max-video-preview:-1\" \/>\n<link rel=\"canonical\" href=\"https:\/\/acoutech.ch\/fr\/acouoffice\/\" \/>\n<meta property=\"og:locale\" content=\"fr_FR\" \/>\n<meta property=\"og:type\" content=\"article\" \/>\n<meta property=\"og:title\" content=\"acouOffice - acoutech gmbh\" \/>\n<meta property=\"og:description\" content=\"D\u00e9couvrez nos produits acouOffice - un concept unique, fabriqu\u00e9 \u00e0 partir de ressources naturellement renouvelables.\" \/>\n<meta property=\"og:url\" content=\"https:\/\/acoutech.ch\/fr\/acouoffice\/\" \/>\n<meta property=\"og:site_name\" content=\"acoutech gmbh\" \/>\n<meta property=\"article:modified_time\" content=\"2026-03-31T14:06:00+00:00\" \/>\n<meta name=\"twitter:card\" content=\"summary_large_image\" \/>\n<meta name=\"twitter:label1\" content=\"Dur\u00e9e de lecture estim\u00e9e\" \/>\n\t<meta name=\"twitter:data1\" content=\"1 minute\" \/>\n<!-- \/ Yoast SEO plugin. -->","yoast_head_json":{"title":"acouOffice - acoutech gmbh","description":"D\u00e9couvrez nos produits acouOffice - un concept unique, fabriqu\u00e9 \u00e0 partir de ressources naturellement renouvelables.","robots":{"index":"index","follow":"follow","max-snippet":"max-snippet:-1","max-image-preview":"max-image-preview:large","max-video-preview":"max-video-preview:-1"},"canonical":"https:\/\/acoutech.ch\/fr\/acouoffice\/","og_locale":"fr_FR","og_type":"article","og_title":"acouOffice - acoutech gmbh","og_description":"D\u00e9couvrez nos produits acouOffice - un concept unique, fabriqu\u00e9 \u00e0 partir de ressources naturellement renouvelables.","og_url":"https:\/\/acoutech.ch\/fr\/acouoffice\/","og_site_name":"acoutech gmbh","article_modified_time":"2026-03-31T14:06:00+00:00","twitter_card":"summary_large_image","twitter_misc":{"Dur\u00e9e de lecture estim\u00e9e":"1 minute"},"schema":{"@context":"https:\/\/schema.org","@graph":[{"@type":"WebPage","@id":"https:\/\/acoutech.ch\/fr\/acouoffice\/","url":"https:\/\/acoutech.ch\/fr\/acouoffice\/","name":"acouOffice - acoutech gmbh","isPartOf":{"@id":"https:\/\/acoutech.ch\/fr\/#website"},"datePublished":"2024-10-02T07:33:05+00:00","dateModified":"2026-03-31T14:06:00+00:00","description":"D\u00e9couvrez nos produits acouOffice - un concept unique, fabriqu\u00e9 \u00e0 partir de ressources naturellement renouvelables.","breadcrumb":{"@id":"https:\/\/acoutech.ch\/fr\/acouoffice\/#breadcrumb"},"inLanguage":"fr-FR","potentialAction":[{"@type":"ReadAction","target":["https:\/\/acoutech.ch\/fr\/acouoffice\/"]}]},{"@type":"BreadcrumbList","@id":"https:\/\/acoutech.ch\/fr\/acouoffice\/#breadcrumb","itemListElement":[{"@type":"ListItem","position":1,"name":"Startseite","item":"https:\/\/acoutech.ch\/fr\/"},{"@type":"ListItem","position":2,"name":"acouOffice"}]},{"@type":"WebSite","@id":"https:\/\/acoutech.ch\/fr\/#website","url":"https:\/\/acoutech.ch\/fr\/","name":"acoutech gmbh","description":"Raumakustische Systeme","publisher":{"@id":"https:\/\/acoutech.ch\/fr\/#organization"},"potentialAction":[{"@type":"SearchAction","target":{"@type":"EntryPoint","urlTemplate":"https:\/\/acoutech.ch\/fr\/?s={search_term_string}"},"query-input":{"@type":"PropertyValueSpecification","valueRequired":true,"valueName":"search_term_string"}}],"inLanguage":"fr-FR"},{"@type":"Organization","@id":"https:\/\/acoutech.ch\/fr\/#organization","name":"acoutech gmbh","url":"https:\/\/acoutech.ch\/fr\/","logo":{"@type":"ImageObject","inLanguage":"fr-FR","@id":"https:\/\/acoutech.ch\/fr\/#\/schema\/logo\/image\/","url":"https:\/\/acoutech.ch\/wp-content\/uploads\/2024\/07\/Acoutech_Logo_2024_WEB-opt.png","contentUrl":"https:\/\/acoutech.ch\/wp-content\/uploads\/2024\/07\/Acoutech_Logo_2024_WEB-opt.png","width":348,"height":45,"caption":"acoutech gmbh"},"image":{"@id":"https:\/\/acoutech.ch\/fr\/#\/schema\/logo\/image\/"}}]}},"_links":{"self":[{"href":"https:\/\/acoutech.ch\/fr\/wp-json\/wp\/v2\/pages\/1797","targetHints":{"allow":["GET"]}}],"collection":[{"href":"https:\/\/acoutech.ch\/fr\/wp-json\/wp\/v2\/pages"}],"about":[{"href":"https:\/\/acoutech.ch\/fr\/wp-json\/wp\/v2\/types\/page"}],"author":[{"embeddable":true,"href":"https:\/\/acoutech.ch\/fr\/wp-json\/wp\/v2\/users\/4"}],"replies":[{"embeddable":true,"href":"https:\/\/acoutech.ch\/fr\/wp-json\/wp\/v2\/comments?post=1797"}],"version-history":[{"count":1,"href":"https:\/\/acoutech.ch\/fr\/wp-json\/wp\/v2\/pages\/1797\/revisions"}],"predecessor-version":[{"id":3996,"href":"https:\/\/acoutech.ch\/fr\/wp-json\/wp\/v2\/pages\/1797\/revisions\/3996"}],"wp:attachment":[{"href":"https:\/\/acoutech.ch\/fr\/wp-json\/wp\/v2\/media?parent=1797"}],"curies":[{"name":"wp","href":"https:\/\/api.w.org\/{rel}","templated":true}]}}