{"id":2539,"date":"2025-04-24T19:29:24","date_gmt":"2025-04-24T17:29:24","guid":{"rendered":"https:\/\/acoutech.ch\/sustainability-recycling\/"},"modified":"2026-03-31T16:06:01","modified_gmt":"2026-03-31T14:06:01","slug":"sustainability-recycling","status":"publish","type":"page","link":"https:\/\/acoutech.ch\/fr\/sustainability-recycling\/","title":{"rendered":"Sustainability Recycling"},"content":{"rendered":"<div class=\"wpb-content-wrapper\"><p>[vc_row css_animation=&#8221;&#8221; row_type=&#8221;row&#8221; use_row_as_full_screen_section=&#8221;no&#8221; type=&#8221;full_width&#8221; angled_section=&#8221;no&#8221; text_align=&#8221;left&#8221; background_image_as_pattern=&#8221;without_pattern&#8221; css=&#8221;.vc_custom_1751887882539{padding-top: 2% !important;padding-right: 15% !important;padding-left: 15% !important;}&#8221; z_index=&#8221;&#8221;][vc_column][vc_row_inner row_type=&#8221;row&#8221; type=&#8221;full_width&#8221; text_align=&#8221;left&#8221; css_animation=&#8221;&#8221;][vc_column_inner width=&#8221;1\/2&#8243;][vc_empty_space height=&#8221;5px&#8221;][vc_single_image image=&#8221;2580&#8243; img_size=&#8221;full&#8221; onclick=&#8221;custom_link&#8221; img_link_target=&#8221;_blank&#8221; qode_css_animation=&#8221;&#8221; qode_hover_animation=&#8221;darken&#8221;][vc_empty_space height=&#8221;30px&#8221;][\/vc_column_inner][vc_column_inner width=&#8221;1\/2&#8243;][vc_column_text css=&#8221;.vc_custom_1753270769534{padding-top: 2% !important;padding-bottom: 2% !important;}&#8221;]<\/p>\n<h1 style=\"text-align: left;\">Durable. Circulaire. Tout simplement meilleur.<\/h1>\n<h5 style=\"text-align: left;\">Recyclable et durable.<\/h5>\n<p>[\/vc_column_text][vc_column_text]<span data-type=\"normal\"  class=\"qode_icon_shortcode  q_font_awsome_icon fa-lg  \" style=\" \"><i class=\"qode_icon_font_awesome fa fa-check qode_icon_element\" style=\"color: #004a99;\" ><\/i><\/span> <span style=\"color: #000000;\"><strong>Mat\u00e9riaux recycl\u00e9s et recyclables<\/strong><\/span>\u00a0\u2013 par exemple\u00a0<span style=\"color: #000000;\"><strong>acouFiber<\/strong><\/span>\u00a0et\u00a0<span style=\"color: #000000;\"><strong>acouFoam<\/strong><\/span>\u00a0avec certification ecobau, ainsi que des produits design contenant jusqu\u2019\u00e0 75\u202f% de mat\u00e9riaux recycl\u00e9s<\/p>\n<p><span data-type=\"normal\"  class=\"qode_icon_shortcode  q_font_awsome_icon fa-lg  \" style=\" \"><i class=\"qode_icon_font_awesome fa fa-check qode_icon_element\" style=\"color: #004a99;\" ><\/i><\/span> <span style=\"color: #000000;\"><strong>Pens\u00e9 pour l\u2019avenir et l\u2019\u00e9conomie circulaire<\/strong><\/span> \u2013 produits durables, faciles \u00e0 entretenir et \u00e0 mettre \u00e0 niveau, partiellement fabriqu\u00e9s \u00e0 partir de ressources naturelles renouvelables<\/p>\n<p><span data-type=\"normal\"  class=\"qode_icon_shortcode  q_font_awsome_icon fa-lg  \" style=\" \"><i class=\"qode_icon_font_awesome fa fa-check qode_icon_element\" style=\"color: #004a99;\" ><\/i><\/span> <span style=\"color: #000000;\"><strong>Planification responsable<\/strong><\/span> \u2013 circuits de transport courts, production locale et bilan \u00e9cologique transparent[\/vc_column_text][vc_single_image image=&#8221;2534&#8243; img_size=&#8221;200&#215;112&#8243; alignment=&#8221;center&#8221; qode_css_animation=&#8221;&#8221; qode_hover_animation=&#8221;darken&#8221;][vc_empty_space height=&#8221;30px&#8221;][\/vc_column_inner][\/vc_row_inner][\/vc_column][\/vc_row][vc_row css_animation=&#8221;&#8221; row_type=&#8221;row&#8221; use_row_as_full_screen_section=&#8221;no&#8221; type=&#8221;full_width&#8221; angled_section=&#8221;no&#8221; text_align=&#8221;left&#8221; background_image_as_pattern=&#8221;without_pattern&#8221; css=&#8221;.vc_custom_1751887890730{padding-top: 2% !important;padding-right: 15% !important;padding-left: 15% !important;}&#8221; z_index=&#8221;&#8221;][vc_column width=&#8221;1\/3&#8243;][vc_column_text css=&#8221;.vc_custom_1753270842962{padding-top: 2% !important;padding-bottom: 2% !important;background-color: #f4fbff !important;border-radius: 10px !important;}&#8221;]<\/p>\n<h1 style=\"text-align: center;\">La preuve par temps<\/h1>\n<p>[\/vc_column_text][vc_empty_space height=&#8221;15px&#8221;][vc_column_text]<\/p>\n<ul>\n<li>Panneau STEREO \u2013 utilis\u00e9 avec succ\u00e8s depuis plus de 40 ans<\/li>\n<li>Robuste et \u00e9volutif \u2013 m\u00eame apr\u00e8s des d\u00e9cennies<\/li>\n<li>Durabilit\u00e9 par la qualit\u00e9 \u2013 pas par une logique de consommation jetable<\/li>\n<\/ul>\n<p>[\/vc_column_text][vc_empty_space height=&#8221;30px&#8221;][\/vc_column][vc_column width=&#8221;1\/3&#8243;][vc_column_text css=&#8221;.vc_custom_1753270854062{padding-top: 2% !important;padding-bottom: 2% !important;background-color: #f4fbff !important;border-radius: 10px !important;}&#8221;]<\/p>\n<h1 style=\"text-align: center;\">Flexible &amp; durable<\/h1>\n<p>[\/vc_column_text][vc_empty_space height=&#8221;15px&#8221;][vc_column_text]<\/p>\n<ul>\n<li>Exemple concret : changer la housse pour un nouveau \u00ab look &amp; feel \u00bb<\/li>\n<li>Housses textiles interchangeables = dur\u00e9e de vie prolong\u00e9e<\/li>\n<li>Moins de d\u00e9chets gr\u00e2ce au principe \u00ab cradle-to-cradle \u00bb<\/li>\n<li>Plus de 30 couleurs disponibles<\/li>\n<\/ul>\n<p>[\/vc_column_text][vc_empty_space height=&#8221;30px&#8221;][\/vc_column][vc_column width=&#8221;1\/3&#8243;][vc_column_text css=&#8221;.vc_custom_1753270863959{padding-top: 2% !important;padding-bottom: 2% !important;background-color: #f4fbff !important;border-radius: 10px !important;}&#8221;]<\/p>\n<h1 style=\"text-align: center;\">Certification &amp; recyclage<\/h1>\n<p>[\/vc_column_text][vc_empty_space height=&#8221;15px&#8221;][vc_column_text]<\/p>\n<ul>\n<li>Certification ecobau &amp; Minergie-ECO pour acouFoam et acouFiber<\/li>\n<li>Recyclage via un syst\u00e8me de reprise<\/li>\n<li>Ligne design : jusqu\u2019\u00e0 75\u202f% de mat\u00e9riaux recycl\u00e9s<\/li>\n<\/ul>\n<p>[\/vc_column_text][vc_empty_space height=&#8221;30px&#8221;][\/vc_column][\/vc_row][vc_row css_animation=&#8221;&#8221; row_type=&#8221;row&#8221; use_row_as_full_screen_section=&#8221;no&#8221; type=&#8221;full_width&#8221; angled_section=&#8221;no&#8221; text_align=&#8221;left&#8221; background_image_as_pattern=&#8221;without_pattern&#8221; css=&#8221;.vc_custom_1753270056642{padding-right: 15% !important;padding-left: 15% !important;}&#8221; z_index=&#8221;&#8221;][vc_column width=&#8221;1\/3&#8243;]<a  itemprop=\"url\" href=\"https:\/\/acoutech.ch\/fr\/portfolio_page\/stereo-panneaux-muraux\/\" target=\"_blank\"  class=\"qbutton  big_large_full_width default\" style=\"\">STEREO Panneaux<\/a>[vc_empty_space height=&#8221;30px&#8221;][\/vc_column][vc_column width=&#8221;1\/3&#8243;]<a  itemprop=\"url\" href=\"https:\/\/acoutech.ch\/wp-content\/uploads\/2025\/07\/acoutech-GmbH_Factsheet-Changement-d-housse_fr.pdf\" target=\"_blank\"  class=\"qbutton  big_large_full_width default\" style=\"\">FICHE ECHANGE DE HOUSSE<\/a>[vc_empty_space height=&#8221;30px&#8221;][\/vc_column][vc_column width=&#8221;1\/3&#8243;]<a  itemprop=\"url\" href=\"https:\/\/acoutech.ch\/wp-content\/uploads\/2025\/07\/acoutech-GmbH_Factsheet-Recycling_fr.pdf\" target=\"_blank\"  class=\"qbutton  big_large_full_width default\" style=\"\">INFOS REPRISE<\/a>[vc_empty_space height=&#8221;30px&#8221;][\/vc_column][\/vc_row]<\/p>\n<\/div>","protected":false},"excerpt":{"rendered":"<p>[vc_row css_animation=&#8221;&#8221; row_type=&#8221;row&#8221; use_row_as_full_screen_section=&#8221;no&#8221; type=&#8221;full_width&#8221; angled_section=&#8221;no&#8221; text_align=&#8221;left&#8221; background_image_as_pattern=&#8221;without_pattern&#8221; css=&#8221;.vc_custom_1751887882539{padding-top: 2% !important;padding-right: 15% !important;padding-left: 15% !important;}&#8221; z_index=&#8221;&#8221;][vc_column][vc_row_inner row_type=&#8221;row&#8221; type=&#8221;full_width&#8221; text_align=&#8221;left&#8221; css_animation=&#8221;&#8221;][vc_column_inner width=&#8221;1\/2&#8243;][vc_empty_space height=&#8221;5px&#8221;][vc_single_image image=&#8221;2580&#8243; img_size=&#8221;full&#8221; onclick=&#8221;custom_link&#8221; img_link_target=&#8221;_blank&#8221; qode_css_animation=&#8221;&#8221; qode_hover_animation=&#8221;darken&#8221;][vc_empty_space height=&#8221;30px&#8221;][\/vc_column_inner][vc_column_inner width=&#8221;1\/2&#8243;][vc_column_text css=&#8221;.vc_custom_1753270769534{padding-top: 2% !important;padding-bottom: 2% !important;}&#8221;] Durable. Circulaire. Tout simplement meilleur. Recyclable et durable. [\/vc_column_text][vc_column_text] Mat\u00e9riaux&#8230;<\/p>\n","protected":false},"author":4,"featured_media":2187,"parent":0,"menu_order":13,"comment_status":"closed","ping_status":"closed","template":"full_width.php","meta":{"footnotes":""},"class_list":["post-2539","page","type-page","status-publish","has-post-thumbnail","hentry"],"yoast_head":"<!-- This site is optimized with the Yoast SEO plugin v27.5 - https:\/\/yoast.com\/product\/yoast-seo-wordpress\/ -->\n<title>Sustainability Recycling - acoutech gmbh<\/title>\n<meta name=\"robots\" content=\"index, follow, max-snippet:-1, max-image-preview:large, max-video-preview:-1\" \/>\n<link rel=\"canonical\" href=\"https:\/\/acoutech.ch\/fr\/sustainability-recycling\/\" \/>\n<meta property=\"og:locale\" content=\"fr_FR\" \/>\n<meta property=\"og:type\" content=\"article\" \/>\n<meta property=\"og:title\" content=\"Sustainability Recycling - acoutech gmbh\" \/>\n<meta property=\"og:description\" content=\"[vc_row css_animation=&#8221;&#8221; row_type=&#8221;row&#8221; use_row_as_full_screen_section=&#8221;no&#8221; type=&#8221;full_width&#8221; angled_section=&#8221;no&#8221; text_align=&#8221;left&#8221; background_image_as_pattern=&#8221;without_pattern&#8221; css=&#8221;.vc_custom_1751887882539{padding-top: 2% !important;padding-right: 15% !important;padding-left: 15% !important;}&#8221; z_index=&#8221;&#8221;][vc_column][vc_row_inner row_type=&#8221;row&#8221; type=&#8221;full_width&#8221; text_align=&#8221;left&#8221; css_animation=&#8221;&#8221;][vc_column_inner width=&#8221;1\/2&#8243;][vc_empty_space height=&#8221;5px&#8221;][vc_single_image image=&#8221;2580&#8243; img_size=&#8221;full&#8221; onclick=&#8221;custom_link&#8221; img_link_target=&#8221;_blank&#8221; qode_css_animation=&#8221;&#8221; qode_hover_animation=&#8221;darken&#8221;][vc_empty_space height=&#8221;30px&#8221;][\/vc_column_inner][vc_column_inner width=&#8221;1\/2&#8243;][vc_column_text css=&#8221;.vc_custom_1753270769534{padding-top: 2% !important;padding-bottom: 2% !important;}&#8221;] Durable. Circulaire. Tout simplement meilleur. Recyclable et durable. [\/vc_column_text][vc_column_text] Mat\u00e9riaux...\" \/>\n<meta property=\"og:url\" content=\"https:\/\/acoutech.ch\/fr\/sustainability-recycling\/\" \/>\n<meta property=\"og:site_name\" content=\"acoutech gmbh\" \/>\n<meta property=\"article:modified_time\" content=\"2026-03-31T14:06:01+00:00\" \/>\n<meta property=\"og:image\" content=\"https:\/\/acoutech.ch\/wp-content\/uploads\/2025\/04\/acoutech-industries-recycling-ruecknahmesystem.png\" \/>\n\t<meta property=\"og:image:width\" content=\"1500\" \/>\n\t<meta property=\"og:image:height\" content=\"800\" \/>\n\t<meta property=\"og:image:type\" content=\"image\/png\" \/>\n<meta name=\"twitter:card\" content=\"summary_large_image\" \/>\n<meta name=\"twitter:label1\" content=\"Dur\u00e9e de lecture estim\u00e9e\" \/>\n\t<meta name=\"twitter:data1\" content=\"2 minutes\" \/>\n<!-- \/ Yoast SEO plugin. -->","yoast_head_json":{"title":"Sustainability Recycling - acoutech gmbh","robots":{"index":"index","follow":"follow","max-snippet":"max-snippet:-1","max-image-preview":"max-image-preview:large","max-video-preview":"max-video-preview:-1"},"canonical":"https:\/\/acoutech.ch\/fr\/sustainability-recycling\/","og_locale":"fr_FR","og_type":"article","og_title":"Sustainability Recycling - acoutech gmbh","og_description":"[vc_row css_animation=&#8221;&#8221; row_type=&#8221;row&#8221; use_row_as_full_screen_section=&#8221;no&#8221; type=&#8221;full_width&#8221; angled_section=&#8221;no&#8221; text_align=&#8221;left&#8221; background_image_as_pattern=&#8221;without_pattern&#8221; css=&#8221;.vc_custom_1751887882539{padding-top: 2% !important;padding-right: 15% !important;padding-left: 15% !important;}&#8221; z_index=&#8221;&#8221;][vc_column][vc_row_inner row_type=&#8221;row&#8221; type=&#8221;full_width&#8221; text_align=&#8221;left&#8221; css_animation=&#8221;&#8221;][vc_column_inner width=&#8221;1\/2&#8243;][vc_empty_space height=&#8221;5px&#8221;][vc_single_image image=&#8221;2580&#8243; img_size=&#8221;full&#8221; onclick=&#8221;custom_link&#8221; img_link_target=&#8221;_blank&#8221; qode_css_animation=&#8221;&#8221; qode_hover_animation=&#8221;darken&#8221;][vc_empty_space height=&#8221;30px&#8221;][\/vc_column_inner][vc_column_inner width=&#8221;1\/2&#8243;][vc_column_text css=&#8221;.vc_custom_1753270769534{padding-top: 2% !important;padding-bottom: 2% !important;}&#8221;] Durable. Circulaire. Tout simplement meilleur. Recyclable et durable. [\/vc_column_text][vc_column_text] Mat\u00e9riaux...","og_url":"https:\/\/acoutech.ch\/fr\/sustainability-recycling\/","og_site_name":"acoutech gmbh","article_modified_time":"2026-03-31T14:06:01+00:00","og_image":[{"width":1500,"height":800,"url":"https:\/\/acoutech.ch\/wp-content\/uploads\/2025\/04\/acoutech-industries-recycling-ruecknahmesystem.png","type":"image\/png"}],"twitter_card":"summary_large_image","twitter_misc":{"Dur\u00e9e de lecture estim\u00e9e":"2 minutes"},"schema":{"@context":"https:\/\/schema.org","@graph":[{"@type":"WebPage","@id":"https:\/\/acoutech.ch\/fr\/sustainability-recycling\/","url":"https:\/\/acoutech.ch\/fr\/sustainability-recycling\/","name":"Sustainability Recycling - acoutech gmbh","isPartOf":{"@id":"https:\/\/acoutech.ch\/fr\/#website"},"primaryImageOfPage":{"@id":"https:\/\/acoutech.ch\/fr\/sustainability-recycling\/#primaryimage"},"image":{"@id":"https:\/\/acoutech.ch\/fr\/sustainability-recycling\/#primaryimage"},"thumbnailUrl":"https:\/\/acoutech.ch\/wp-content\/uploads\/2025\/04\/acoutech-industries-recycling-ruecknahmesystem.png","datePublished":"2025-04-24T17:29:24+00:00","dateModified":"2026-03-31T14:06:01+00:00","breadcrumb":{"@id":"https:\/\/acoutech.ch\/fr\/sustainability-recycling\/#breadcrumb"},"inLanguage":"fr-FR","potentialAction":[{"@type":"ReadAction","target":["https:\/\/acoutech.ch\/fr\/sustainability-recycling\/"]}]},{"@type":"ImageObject","inLanguage":"fr-FR","@id":"https:\/\/acoutech.ch\/fr\/sustainability-recycling\/#primaryimage","url":"https:\/\/acoutech.ch\/wp-content\/uploads\/2025\/04\/acoutech-industries-recycling-ruecknahmesystem.png","contentUrl":"https:\/\/acoutech.ch\/wp-content\/uploads\/2025\/04\/acoutech-industries-recycling-ruecknahmesystem.png","width":1500,"height":800},{"@type":"BreadcrumbList","@id":"https:\/\/acoutech.ch\/fr\/sustainability-recycling\/#breadcrumb","itemListElement":[{"@type":"ListItem","position":1,"name":"Startseite","item":"https:\/\/acoutech.ch\/fr\/"},{"@type":"ListItem","position":2,"name":"Sustainability Recycling"}]},{"@type":"WebSite","@id":"https:\/\/acoutech.ch\/fr\/#website","url":"https:\/\/acoutech.ch\/fr\/","name":"acoutech gmbh","description":"Raumakustische Systeme","publisher":{"@id":"https:\/\/acoutech.ch\/fr\/#organization"},"potentialAction":[{"@type":"SearchAction","target":{"@type":"EntryPoint","urlTemplate":"https:\/\/acoutech.ch\/fr\/?s={search_term_string}"},"query-input":{"@type":"PropertyValueSpecification","valueRequired":true,"valueName":"search_term_string"}}],"inLanguage":"fr-FR"},{"@type":"Organization","@id":"https:\/\/acoutech.ch\/fr\/#organization","name":"acoutech gmbh","url":"https:\/\/acoutech.ch\/fr\/","logo":{"@type":"ImageObject","inLanguage":"fr-FR","@id":"https:\/\/acoutech.ch\/fr\/#\/schema\/logo\/image\/","url":"https:\/\/acoutech.ch\/wp-content\/uploads\/2024\/07\/Acoutech_Logo_2024_WEB-opt.png","contentUrl":"https:\/\/acoutech.ch\/wp-content\/uploads\/2024\/07\/Acoutech_Logo_2024_WEB-opt.png","width":348,"height":45,"caption":"acoutech gmbh"},"image":{"@id":"https:\/\/acoutech.ch\/fr\/#\/schema\/logo\/image\/"}}]}},"_links":{"self":[{"href":"https:\/\/acoutech.ch\/fr\/wp-json\/wp\/v2\/pages\/2539","targetHints":{"allow":["GET"]}}],"collection":[{"href":"https:\/\/acoutech.ch\/fr\/wp-json\/wp\/v2\/pages"}],"about":[{"href":"https:\/\/acoutech.ch\/fr\/wp-json\/wp\/v2\/types\/page"}],"author":[{"embeddable":true,"href":"https:\/\/acoutech.ch\/fr\/wp-json\/wp\/v2\/users\/4"}],"replies":[{"embeddable":true,"href":"https:\/\/acoutech.ch\/fr\/wp-json\/wp\/v2\/comments?post=2539"}],"version-history":[{"count":1,"href":"https:\/\/acoutech.ch\/fr\/wp-json\/wp\/v2\/pages\/2539\/revisions"}],"predecessor-version":[{"id":3998,"href":"https:\/\/acoutech.ch\/fr\/wp-json\/wp\/v2\/pages\/2539\/revisions\/3998"}],"wp:featuredmedia":[{"embeddable":true,"href":"https:\/\/acoutech.ch\/fr\/wp-json\/wp\/v2\/media\/2187"}],"wp:attachment":[{"href":"https:\/\/acoutech.ch\/fr\/wp-json\/wp\/v2\/media?parent=2539"}],"curies":[{"name":"wp","href":"https:\/\/api.w.org\/{rel}","templated":true}]}}