{"id":3376,"date":"2025-01-20T10:01:32","date_gmt":"2025-01-20T09:01:32","guid":{"rendered":"https:\/\/acoutech.ch\/themes\/"},"modified":"2026-03-31T16:06:00","modified_gmt":"2026-03-31T14:06:00","slug":"themes","status":"publish","type":"page","link":"https:\/\/acoutech.ch\/fr\/themes\/","title":{"rendered":"Th\u00e8mes"},"content":{"rendered":"<div class=\"wpb-content-wrapper\"><p>[vc_row css_animation=&#8221;&#8221; row_type=&#8221;row&#8221; use_row_as_full_screen_section=&#8221;no&#8221; type=&#8221;grid&#8221; angled_section=&#8221;no&#8221; text_align=&#8221;left&#8221; background_image_as_pattern=&#8221;without_pattern&#8221; css=&#8221;.vc_custom_1768910711875{padding-top: 50px !important;padding-right: 0px !important;padding-bottom: 50px !important;padding-left: 0px !important;background-color: #f0fafe !important;}&#8221; z_index=&#8221;&#8221;][vc_column width=&#8221;1\/2&#8243; css=&#8221;.vc_custom_1769766578355{padding-right: 25px !important;}&#8221;][vc_empty_space height=&#8221;50px&#8221;][vc_column_text css=&#8221;.vc_custom_1770141154314{margin-bottom: 20px !important;}&#8221;]<\/p>\n<h1 style=\"font-size: 2rem; line-height: 2.25rem;\"><span style=\"color: #009ee1;\">Th\u00e8mes<br \/>\nautour de l&#8217;acoustique des salles<\/span><\/h1>\n<p>[\/vc_column_text][vc_empty_space height=&#8221;25px&#8221;][vc_column_text css=&#8221;.vc_custom_1768926509589{margin-bottom: 20px !important;}&#8221;]<\/p>\n<p style=\"font-size: 1.25rem; line-height: 1.5rem;\">Des solutions acoustiques qui r\u00e9pondent \u00e0 des exigences \u00e9lev\u00e9es en mati\u00e8re d&#8217;acoustique et de protection incendie &#8211; pour la s\u00e9curit\u00e9 de la planification et la libert\u00e9 esth\u00e9tique.<\/p>\n<p>[\/vc_column_text][vc_empty_space height=&#8221;50px&#8221;][vc_row_inner row_type=&#8221;row&#8221; type=&#8221;full_width&#8221; text_align=&#8221;left&#8221; css_animation=&#8221;&#8221;][vc_column_inner]<a  itemprop=\"url\" href=\"https:\/\/acoutech.ch\/fr\/contact\/\" target=\"_self\" data-hover-background-color='#009ee1' data-hover-border-color='#009ee1' data-hover-color='#ffffff' class=\"qbutton  big_large_full_width center white default\" style=\"color: #ffffff; border-color: #004a99; font-style: normal; font-weight: 300; font-family: comfortaa; text-transform: none; font-size: 16px; margin: 1px; border-radius: 10px;-moz-border-radius: 10px;-webkit-border-radius: 10px; background-color: #004a99;\">Demander des conseils<\/a>[vc_empty_space height=&#8221;25px&#8221;][\/vc_column_inner][\/vc_row_inner][vc_row_inner row_type=&#8221;row&#8221; type=&#8221;full_width&#8221; text_align=&#8221;left&#8221; css_animation=&#8221;&#8221;][vc_column_inner width=&#8221;1\/2&#8243;]<a  itemprop=\"url\" href=\"https:\/\/acoutech.ch\/fr\/acoustique-bruit-des-espaces-qui-soulagent\/\" target=\"_self\" data-hover-background-color='#6ecbf2' data-hover-border-color='#6ecbf2' data-hover-color='#ffffff' class=\"qbutton  big_large_full_width center white default\" style=\"color: #ffffff; border-color: #009ee1; font-style: normal; font-weight: 300; font-family: comfortaa; text-transform: none; font-size: 16px; margin: 1px; border-radius: 10px;-moz-border-radius: 10px;-webkit-border-radius: 10px; background-color: #009ee1;\">Plus sur l'acoustique<\/a>[vc_empty_space height=&#8221;25px&#8221;][\/vc_column_inner][vc_column_inner width=&#8221;1\/2&#8243;]<a  itemprop=\"url\" href=\"https:\/\/acoutech.ch\/fr\/protection-incendie-dans-lacoustique-des-salles-concevoir-en-toute-securite-construire-en-toute-securite\/\" target=\"_self\" data-hover-background-color='#6ecbf2' data-hover-border-color='#6ecbf2' data-hover-color='#ffffff' class=\"qbutton  big_large_full_width center white default\" style=\"color: #ffffff; border-color: #009ee1; font-style: normal; font-weight: 300; font-family: comfortaa; text-transform: none; font-size: 16px; margin: 1px; border-radius: 10px;-moz-border-radius: 10px;-webkit-border-radius: 10px; background-color: #009ee1;\">Plus sur la s\u00e9curit\u00e9 incendie<\/a>[vc_empty_space height=&#8221;25px&#8221;][\/vc_column_inner][\/vc_row_inner][\/vc_column][vc_column width=&#8221;1\/2&#8243;][vc_empty_space height=&#8221;50px&#8221;][vc_single_image image=&#8221;2294&#8243; img_size=&#8221;large&#8221; alignment=&#8221;center&#8221; qode_css_animation=&#8221;&#8221;][vc_empty_space height=&#8221;50px&#8221;][\/vc_column][\/vc_row][vc_row css_animation=&#8221;&#8221; row_type=&#8221;row&#8221; use_row_as_full_screen_section=&#8221;yes&#8221; type=&#8221;full_width&#8221; angled_section=&#8221;no&#8221; text_align=&#8221;left&#8221; background_image_as_pattern=&#8221;without_pattern&#8221; css=&#8221;.vc_custom_1768937787374{padding-top: 2% !important;padding-right: 10% !important;padding-left: 10% !important;}&#8221; z_index=&#8221;&#8221;][vc_column][vc_empty_space]\n\t\t\t<!-- START Home Referenzen REVOLUTION SLIDER 6.6.12 --><p class=\"rs-p-wp-fix\"><\/p>\n\t\t\t<rs-module-wrap id=\"rev_slider_1_1_wrapper\" data-source=\"gallery\" style=\"visibility:hidden;background:transparent;padding:0;margin:0px auto;margin-top:0;margin-bottom:0;\">\n\t\t\t\t<rs-module id=\"rev_slider_1_1\" style=\"\" data-version=\"6.6.12\">\n\t\t\t\t\t<rs-slides style=\"overflow: hidden; position: absolute;\">\n\t\t\t\t\t\t<rs-slide style=\"position: absolute;\" data-key=\"rs-1\" data-title=\"Slide\" data-anim=\"adpr:false;\" data-in=\"o:0;\" data-out=\"a:false;\">\n\t\t\t\t\t\t\t<img fetchpriority=\"high\" decoding=\"async\" src=\"\/\/acoutech.ch\/wp-content\/plugins\/revslider\/public\/assets\/assets\/dummy.png\" alt=\"Slide\" title=\"acoutech-referenzen-slides1\" width=\"2000\" height=\"120\" class=\"rev-slidebg tp-rs-img rs-lazyload\" data-lazyload=\"\/\/acoutech.ch\/wp-content\/plugins\/revslider\/public\/assets\/assets\/transparent.png\" data-no-retina>\n<!--\n\t\t\t\t\t\t\t--><rs-layer\n\t\t\t\t\t\t\t\tid=\"slider-1-slide-1-layer-7\" \n\t\t\t\t\t\t\t\tdata-type=\"image\"\n\t\t\t\t\t\t\t\tdata-rsp_ch=\"on\"\n\t\t\t\t\t\t\t\tdata-xy=\"x:c;y:c;\"\n\t\t\t\t\t\t\t\tdata-text=\"w:normal;\"\n\t\t\t\t\t\t\t\tdata-dim=\"w:2000px;h:120px;\"\n\t\t\t\t\t\t\t\tdata-frame_999=\"o:0;st:w;\"\n\t\t\t\t\t\t\t\tstyle=\"z-index:5;\"\n\t\t\t\t\t\t\t><img decoding=\"async\" src=\"\/\/acoutech.ch\/wp-content\/plugins\/revslider\/public\/assets\/assets\/dummy.png\" alt=\"\" class=\"tp-rs-img rs-lazyload\" width=\"2000\" height=\"120\" data-lazyload=\"\/\/acoutech.ch\/wp-content\/uploads\/2025\/04\/acoutech-referenzen-slides1-1.jpg\" data-no-retina> \n\t\t\t\t\t\t\t<\/rs-layer><!--\n-->\t\t\t\t\t\t<\/rs-slide>\n\t\t\t\t\t\t<rs-slide style=\"position: absolute;\" data-key=\"rs-4\" data-title=\"Slide\" data-anim=\"adpr:false;\" data-in=\"o:0;\" data-out=\"a:false;\">\n\t\t\t\t\t\t\t<img fetchpriority=\"high\" decoding=\"async\" src=\"\/\/acoutech.ch\/wp-content\/plugins\/revslider\/public\/assets\/assets\/dummy.png\" alt=\"Slide\" title=\"acoutech-referenzen-slides1\" width=\"2000\" height=\"120\" class=\"rev-slidebg tp-rs-img rs-lazyload\" data-lazyload=\"\/\/acoutech.ch\/wp-content\/plugins\/revslider\/public\/assets\/assets\/transparent.png\" data-no-retina>\n<!--\n\t\t\t\t\t\t\t--><rs-layer\n\t\t\t\t\t\t\t\tid=\"slider-1-slide-4-layer-8\" \n\t\t\t\t\t\t\t\tdata-type=\"image\"\n\t\t\t\t\t\t\t\tdata-rsp_ch=\"on\"\n\t\t\t\t\t\t\t\tdata-xy=\"x:c;y:c;\"\n\t\t\t\t\t\t\t\tdata-text=\"w:normal;\"\n\t\t\t\t\t\t\t\tdata-dim=\"w:2000px;h:120px;\"\n\t\t\t\t\t\t\t\tdata-frame_999=\"o:0;st:w;\"\n\t\t\t\t\t\t\t\tstyle=\"z-index:5;\"\n\t\t\t\t\t\t\t><img decoding=\"async\" src=\"\/\/acoutech.ch\/wp-content\/plugins\/revslider\/public\/assets\/assets\/dummy.png\" alt=\"\" class=\"tp-rs-img rs-lazyload\" width=\"2000\" height=\"120\" data-lazyload=\"\/\/acoutech.ch\/wp-content\/uploads\/2025\/04\/acoutech-referenzen-slides2-1.jpg\" data-no-retina> \n\t\t\t\t\t\t\t<\/rs-layer><!--\n-->\t\t\t\t\t\t<\/rs-slide>\n\t\t\t\t\t\t<rs-slide style=\"position: absolute;\" data-key=\"rs-5\" data-title=\"Slide\" data-anim=\"adpr:false;\" data-in=\"o:0;\" data-out=\"a:false;\">\n\t\t\t\t\t\t\t<img fetchpriority=\"high\" decoding=\"async\" src=\"\/\/acoutech.ch\/wp-content\/plugins\/revslider\/public\/assets\/assets\/dummy.png\" alt=\"Slide\" title=\"acoutech-referenzen-slides1\" width=\"2000\" height=\"120\" class=\"rev-slidebg tp-rs-img rs-lazyload\" data-lazyload=\"\/\/acoutech.ch\/wp-content\/plugins\/revslider\/public\/assets\/assets\/transparent.png\" data-no-retina>\n<!--\n\t\t\t\t\t\t\t--><rs-layer\n\t\t\t\t\t\t\t\tid=\"slider-1-slide-5-layer-9\" \n\t\t\t\t\t\t\t\tdata-type=\"image\"\n\t\t\t\t\t\t\t\tdata-rsp_ch=\"on\"\n\t\t\t\t\t\t\t\tdata-xy=\"x:c;y:c;\"\n\t\t\t\t\t\t\t\tdata-text=\"w:normal;\"\n\t\t\t\t\t\t\t\tdata-dim=\"w:2000px;h:120px;\"\n\t\t\t\t\t\t\t\tdata-frame_999=\"o:0;st:w;\"\n\t\t\t\t\t\t\t\tstyle=\"z-index:5;\"\n\t\t\t\t\t\t\t><img loading=\"lazy\" decoding=\"async\" src=\"\/\/acoutech.ch\/wp-content\/plugins\/revslider\/public\/assets\/assets\/dummy.png\" alt=\"\" class=\"tp-rs-img rs-lazyload\" width=\"2000\" height=\"120\" data-lazyload=\"\/\/acoutech.ch\/wp-content\/uploads\/2025\/04\/acoutech-referenzen-slides3-1.jpg\" data-no-retina> \n\t\t\t\t\t\t\t<\/rs-layer><!--\n-->\t\t\t\t\t\t<\/rs-slide>\n\t\t\t\t\t\t<rs-slide style=\"position: absolute;\" data-key=\"rs-6\" data-title=\"Slide\" data-anim=\"adpr:false;\" data-in=\"o:0;\" data-out=\"a:false;\">\n\t\t\t\t\t\t\t<img fetchpriority=\"high\" decoding=\"async\" src=\"\/\/acoutech.ch\/wp-content\/plugins\/revslider\/public\/assets\/assets\/dummy.png\" alt=\"Slide\" title=\"acoutech-referenzen-slides1\" width=\"2000\" height=\"120\" class=\"rev-slidebg tp-rs-img rs-lazyload\" data-lazyload=\"\/\/acoutech.ch\/wp-content\/plugins\/revslider\/public\/assets\/assets\/transparent.png\" data-no-retina>\n<!--\n\t\t\t\t\t\t\t--><rs-layer\n\t\t\t\t\t\t\t\tid=\"slider-1-slide-6-layer-10\" \n\t\t\t\t\t\t\t\tdata-type=\"image\"\n\t\t\t\t\t\t\t\tdata-rsp_ch=\"on\"\n\t\t\t\t\t\t\t\tdata-xy=\"x:c;y:c;\"\n\t\t\t\t\t\t\t\tdata-text=\"w:normal;\"\n\t\t\t\t\t\t\t\tdata-dim=\"w:2000px;h:120px;\"\n\t\t\t\t\t\t\t\tdata-frame_999=\"o:0;st:w;\"\n\t\t\t\t\t\t\t\tstyle=\"z-index:5;\"\n\t\t\t\t\t\t\t><img loading=\"lazy\" decoding=\"async\" src=\"\/\/acoutech.ch\/wp-content\/plugins\/revslider\/public\/assets\/assets\/dummy.png\" alt=\"\" class=\"tp-rs-img rs-lazyload\" width=\"2000\" height=\"120\" data-lazyload=\"\/\/acoutech.ch\/wp-content\/uploads\/2025\/04\/acoutech-referenzen-slides4-1.jpg\" data-no-retina> \n\t\t\t\t\t\t\t<\/rs-layer><!--\n-->\t\t\t\t\t\t<\/rs-slide>\n\t\t\t\t\t\t<rs-slide style=\"position: absolute;\" data-key=\"rs-7\" data-title=\"Slide\" data-anim=\"adpr:false;\" data-in=\"o:0;\" data-out=\"a:false;\">\n\t\t\t\t\t\t\t<img fetchpriority=\"high\" decoding=\"async\" src=\"\/\/acoutech.ch\/wp-content\/plugins\/revslider\/public\/assets\/assets\/dummy.png\" alt=\"Slide\" title=\"acoutech-referenzen-slides1\" width=\"2000\" height=\"120\" class=\"rev-slidebg tp-rs-img rs-lazyload\" data-lazyload=\"\/\/acoutech.ch\/wp-content\/plugins\/revslider\/public\/assets\/assets\/transparent.png\" data-no-retina>\n<!--\n\t\t\t\t\t\t\t--><rs-layer\n\t\t\t\t\t\t\t\tid=\"slider-1-slide-7-layer-11\" \n\t\t\t\t\t\t\t\tdata-type=\"image\"\n\t\t\t\t\t\t\t\tdata-rsp_ch=\"on\"\n\t\t\t\t\t\t\t\tdata-xy=\"x:c;y:c;\"\n\t\t\t\t\t\t\t\tdata-text=\"w:normal;\"\n\t\t\t\t\t\t\t\tdata-dim=\"w:2000px;h:120px;\"\n\t\t\t\t\t\t\t\tdata-frame_999=\"o:0;st:w;\"\n\t\t\t\t\t\t\t\tstyle=\"z-index:5;\"\n\t\t\t\t\t\t\t><img loading=\"lazy\" decoding=\"async\" src=\"\/\/acoutech.ch\/wp-content\/plugins\/revslider\/public\/assets\/assets\/dummy.png\" alt=\"\" class=\"tp-rs-img rs-lazyload\" width=\"2000\" height=\"120\" data-lazyload=\"\/\/acoutech.ch\/wp-content\/uploads\/2025\/04\/acoutech-referenzen-slides5-1.jpg\" data-no-retina> \n\t\t\t\t\t\t\t<\/rs-layer><!--\n-->\t\t\t\t\t\t<\/rs-slide>\n\t\t\t\t\t<\/rs-slides>\n\t\t\t\t<\/rs-module>\n\t\t\t\t<script>\n\t\t\t\t\tsetREVStartSize({c: 'rev_slider_1_1',rl:[1240,1024,778,480],el:[120],gw:[2000],gh:[120],type:'standard',justify:'',layout:'fullwidth',mh:\"0\"});if (window.RS_MODULES!==undefined && window.RS_MODULES.modules!==undefined && window.RS_MODULES.modules[\"revslider11\"]!==undefined) {window.RS_MODULES.modules[\"revslider11\"].once = false;window.revapi1 = undefined;if (window.RS_MODULES.checkMinimal!==undefined) window.RS_MODULES.checkMinimal()}\n\t\t\t\t<\/script>\n\t\t\t<\/rs-module-wrap>\n\t\t\t<!-- END REVOLUTION SLIDER -->\n[vc_empty_space height=&#8221;64px&#8221;][\/vc_column][\/vc_row][vc_row css_animation=&#8221;&#8221; row_type=&#8221;row&#8221; use_row_as_full_screen_section=&#8221;no&#8221; type=&#8221;grid&#8221; angled_section=&#8221;no&#8221; text_align=&#8221;left&#8221; background_image_as_pattern=&#8221;without_pattern&#8221; css=&#8221;.vc_custom_1768926880155{padding-top: 50px !important;padding-right: 0px !important;padding-bottom: 50px !important;padding-left: 0px !important;background-color: #b6e5f8 !important;}&#8221; z_index=&#8221;&#8221;][vc_column][vc_empty_space height=&#8221;25px&#8221;][vc_column_text css=&#8221;.vc_custom_1769771811220{margin-bottom: 0px !important;padding-bottom: 0px !important;}&#8221;]<\/p>\n<h2 style=\"font-size: 1.5rem; line-height: 1.5rem; font-weight: bold; margin-bottom: 0x !important; padding-bottom: 0 !important;\"><span style=\"color: #009ee1;\">Nos solutions acoustiques<\/span> &#8221; <a style=\"font-size: 1.5rem; line-height: 1rem;\" href=\"https:\/\/acoutech.ch\/fr\/produits\/\">Tous les produits<\/a><\/h2>\n<p>[\/vc_column_text][\/vc_column][\/vc_row][vc_row css_animation=&#8221;&#8221; row_type=&#8221;row&#8221; use_row_as_full_screen_section=&#8221;no&#8221; type=&#8221;grid&#8221; angled_section=&#8221;no&#8221; text_align=&#8221;left&#8221; background_image_as_pattern=&#8221;without_pattern&#8221; css=&#8221;.vc_custom_1770036034322{padding-top: 0px !important;padding-right: 0px !important;padding-bottom: 25px !important;padding-left: 0px !important;background-color: #b6e5f8 !important;}&#8221; z_index=&#8221;&#8221;][vc_column width=&#8221;1\/4&#8243;][vc_single_image image=&#8221;3377&#8243; img_size=&#8221;large&#8221; qode_css_animation=&#8221;&#8221;][vc_empty_space height=&#8221;25px&#8221;][vc_column_text]<\/p>\n<h3 style=\"font-size: 1.25rem; line-height: 1.5rem;\">Pour les bureaux &amp;<br \/>\nEspaces de travail<\/h3>\n<p>[\/vc_column_text][vc_empty_space height=&#8221;25px&#8221;][vc_column_text]Une acoustique bien pens\u00e9e pour les bureaux et les environnements de travail modernes &#8211; flexible dans sa conception, efficace dans le bruit et conforme au poste de travail.[\/vc_column_text][vc_empty_space height=&#8221;25px&#8221;]<a  itemprop=\"url\" href=\"https:\/\/acoutech.ch\/staging\/buero-arbeitswelten\/\" target=\"_self\" data-hover-background-color='#009ee1' data-hover-border-color='#009ee1' data-hover-color='#ffffff' class=\"qbutton  big_large_full_width center white default\" style=\"color: #ffffff; border-color: #004a99; font-style: normal; font-weight: 300; font-family: comfortaa; text-transform: none; font-size: 14px; margin: 1px; border-radius: 10px;-moz-border-radius: 10px;-webkit-border-radius: 10px; background-color: #004a99;\">Bureaux et environnements de travail<\/a>[vc_empty_space height=&#8221;25px&#8221;][\/vc_column][vc_column width=&#8221;1\/4&#8243;][vc_single_image image=&#8221;3378&#8243; img_size=&#8221;large&#8221; qode_css_animation=&#8221;&#8221;][vc_empty_space height=&#8221;25px&#8221;][vc_column_text]<\/p>\n<h3 style=\"font-size: 1.25rem; line-height: 1.5rem;\">Pour l&#8217;\u00e9cole &amp;<br \/>\n\u00c9ducation<\/h3>\n<p>[\/vc_column_text][vc_empty_space height=&#8221;25px&#8221;][vc_column_text]<\/p>\n<p>Acoustique des salles pour les b\u00e2timents \u00e9ducatifs &#8211; favorable \u00e0 l&#8217;apprentissage, conforme aux normes et avec une s\u00e9curit\u00e9 incendie test\u00e9e.<br \/>\n[\/vc_column_text][vc_empty_space height=&#8221;50px&#8221;]<a  itemprop=\"url\" href=\"https:\/\/acoutech.ch\/staging\/schule-bildung\/\" target=\"_self\" data-hover-background-color='#009ee1' data-hover-border-color='#009ee1' data-hover-color='#ffffff' class=\"qbutton  big_large_full_width center white default\" style=\"color: #ffffff; border-color: #004a99; font-style: normal; font-weight: 300; font-family: comfortaa; text-transform: none; font-size: 14px; margin: 1px; border-radius: 10px;-moz-border-radius: 10px;-webkit-border-radius: 10px; background-color: #004a99;\">\u00c9cole et \u00e9ducation<\/a>[vc_empty_space height=&#8221;25px&#8221;][\/vc_column][vc_column width=&#8221;1\/4&#8243;][vc_single_image image=&#8221;3379&#8243; img_size=&#8221;large&#8221; qode_css_animation=&#8221;&#8221;][vc_empty_space height=&#8221;25px&#8221;][vc_column_text]<\/p>\n<h3 style=\"font-size: 1.25rem; line-height: 1.5rem;\">Pour Gastro \/<br \/>\nH\u00f4tellerie<\/h3>\n<p>[\/vc_column_text][vc_empty_space height=&#8221;25px&#8221;][vc_column_text]Acoustique cibl\u00e9e pour les restaurants, les h\u00f4tels et les espaces publics &#8211; pour une atmosph\u00e8re agr\u00e9able et une grande diversit\u00e9 d&#8217;am\u00e9nagement.[\/vc_column_text][vc_empty_space height=&#8221;50px&#8221;]<a  itemprop=\"url\" href=\"https:\/\/acoutech.ch\/staging\/gastro-hotellerie\/\" target=\"_self\" data-hover-background-color='#009ee1' data-hover-border-color='#009ee1' data-hover-color='#ffffff' class=\"qbutton  big_large_full_width center white default\" style=\"color: #ffffff; border-color: #004a99; font-style: normal; font-weight: 300; font-family: comfortaa; text-transform: none; font-size: 14px; margin: 1px; border-radius: 10px;-moz-border-radius: 10px;-webkit-border-radius: 10px; background-color: #004a99;\">Restauration &amp; H\u00f4tellerie<\/a>[vc_empty_space height=&#8221;25px&#8221;][\/vc_column][vc_column width=&#8221;1\/4&#8243;][vc_single_image image=&#8221;3380&#8243; img_size=&#8221;large&#8221; qode_css_animation=&#8221;&#8221;][vc_empty_space height=&#8221;25px&#8221;][vc_column_text]<\/p>\n<h3 style=\"font-size: 1.25rem; line-height: 1.5rem;\">Pour l&#8217;industrie &amp;<br \/>\nCommerce<\/h3>\n<p>[\/vc_column_text][vc_empty_space height=&#8221;25px&#8221;][vc_column_text]<\/p>\n<p>Solutions acoustiques pour l&#8217;industrie et le commerce &#8211; efficaces sur le plan fonctionnel, adapt\u00e9es \u00e0 la pratique et conformes \u00e0 la SUVA.<br \/>\n[\/vc_column_text][vc_empty_space height=&#8221;50px&#8221;]<a  itemprop=\"url\" href=\"https:\/\/acoutech.ch\/staging\/industrie-gewerbe\/\" target=\"_self\" data-hover-background-color='#009ee1' data-hover-border-color='#009ee1' data-hover-color='#ffffff' class=\"qbutton  big_large_full_width center white default\" style=\"color: #ffffff; border-color: #004a99; font-style: normal; font-weight: 300; font-family: comfortaa; text-transform: none; font-size: 14px; margin: 1px; border-radius: 10px;-moz-border-radius: 10px;-webkit-border-radius: 10px; background-color: #004a99;\">Industrie et commerce<\/a>[vc_empty_space height=&#8221;25px&#8221;][\/vc_column][\/vc_row]<\/p>\n<\/div>","protected":false},"excerpt":{"rendered":"<p>[vc_row css_animation=&#8221;&#8221; row_type=&#8221;row&#8221; use_row_as_full_screen_section=&#8221;no&#8221; type=&#8221;grid&#8221; angled_section=&#8221;no&#8221; text_align=&#8221;left&#8221; background_image_as_pattern=&#8221;without_pattern&#8221; css=&#8221;.vc_custom_1768910711875{padding-top: 50px !important;padding-right: 0px !important;padding-bottom: 50px !important;padding-left: 0px !important;background-color: #f0fafe !important;}&#8221; z_index=&#8221;&#8221;][vc_column width=&#8221;1\/2&#8243; css=&#8221;.vc_custom_1769766578355{padding-right: 25px !important;}&#8221;][vc_empty_space height=&#8221;50px&#8221;][vc_column_text css=&#8221;.vc_custom_1770141154314{margin-bottom: 20px !important;}&#8221;] Th\u00e8mes autour de l&#8217;acoustique des salles [\/vc_column_text][vc_empty_space height=&#8221;25px&#8221;][vc_column_text css=&#8221;.vc_custom_1768926509589{margin-bottom: 20px !important;}&#8221;] Des solutions acoustiques qui r\u00e9pondent \u00e0&#8230;<\/p>\n","protected":false},"author":4,"featured_media":0,"parent":0,"menu_order":5,"comment_status":"closed","ping_status":"closed","template":"full_width.php","meta":{"footnotes":""},"class_list":["post-3376","page","type-page","status-publish","hentry"],"yoast_head":"<!-- This site is optimized with the Yoast SEO plugin v27.3 - https:\/\/yoast.com\/product\/yoast-seo-wordpress\/ -->\n<title>Th\u00e8mes - acoutech gmbh<\/title>\n<meta name=\"description\" content=\"Des solutions acoustiques qui r\u00e9pondent \u00e0 des exigences \u00e9lev\u00e9es en mati\u00e8re d&#039;acoustique et de protection incendie...\" \/>\n<meta name=\"robots\" content=\"index, follow, max-snippet:-1, max-image-preview:large, max-video-preview:-1\" \/>\n<link rel=\"canonical\" href=\"https:\/\/acoutech.ch\/fr\/themes\/\" \/>\n<meta property=\"og:locale\" content=\"fr_FR\" \/>\n<meta property=\"og:type\" content=\"article\" \/>\n<meta property=\"og:title\" content=\"Th\u00e8mes - acoutech gmbh\" \/>\n<meta property=\"og:description\" content=\"Des solutions acoustiques qui r\u00e9pondent \u00e0 des exigences \u00e9lev\u00e9es en mati\u00e8re d&#039;acoustique et de protection incendie...\" \/>\n<meta property=\"og:url\" content=\"https:\/\/acoutech.ch\/fr\/themes\/\" \/>\n<meta property=\"og:site_name\" content=\"acoutech gmbh\" \/>\n<meta property=\"article:modified_time\" content=\"2026-03-31T14:06:00+00:00\" \/>\n<meta name=\"twitter:card\" content=\"summary_large_image\" \/>\n<meta name=\"twitter:label1\" content=\"Dur\u00e9e de lecture estim\u00e9e\" \/>\n\t<meta name=\"twitter:data1\" content=\"4 minutes\" \/>\n<!-- \/ Yoast SEO plugin. -->","yoast_head_json":{"title":"Th\u00e8mes - acoutech gmbh","description":"Des solutions acoustiques qui r\u00e9pondent \u00e0 des exigences \u00e9lev\u00e9es en mati\u00e8re d'acoustique et de protection incendie...","robots":{"index":"index","follow":"follow","max-snippet":"max-snippet:-1","max-image-preview":"max-image-preview:large","max-video-preview":"max-video-preview:-1"},"canonical":"https:\/\/acoutech.ch\/fr\/themes\/","og_locale":"fr_FR","og_type":"article","og_title":"Th\u00e8mes - acoutech gmbh","og_description":"Des solutions acoustiques qui r\u00e9pondent \u00e0 des exigences \u00e9lev\u00e9es en mati\u00e8re d'acoustique et de protection incendie...","og_url":"https:\/\/acoutech.ch\/fr\/themes\/","og_site_name":"acoutech gmbh","article_modified_time":"2026-03-31T14:06:00+00:00","twitter_card":"summary_large_image","twitter_misc":{"Dur\u00e9e de lecture estim\u00e9e":"4 minutes"},"schema":{"@context":"https:\/\/schema.org","@graph":[{"@type":"WebPage","@id":"https:\/\/acoutech.ch\/fr\/themes\/","url":"https:\/\/acoutech.ch\/fr\/themes\/","name":"Th\u00e8mes - acoutech gmbh","isPartOf":{"@id":"https:\/\/acoutech.ch\/fr\/#website"},"datePublished":"2025-01-20T09:01:32+00:00","dateModified":"2026-03-31T14:06:00+00:00","description":"Des solutions acoustiques qui r\u00e9pondent \u00e0 des exigences \u00e9lev\u00e9es en mati\u00e8re d'acoustique et de protection incendie...","breadcrumb":{"@id":"https:\/\/acoutech.ch\/fr\/themes\/#breadcrumb"},"inLanguage":"fr-FR","potentialAction":[{"@type":"ReadAction","target":["https:\/\/acoutech.ch\/fr\/themes\/"]}]},{"@type":"BreadcrumbList","@id":"https:\/\/acoutech.ch\/fr\/themes\/#breadcrumb","itemListElement":[{"@type":"ListItem","position":1,"name":"Startseite","item":"https:\/\/acoutech.ch\/fr\/"},{"@type":"ListItem","position":2,"name":"Th\u00e8mes"}]},{"@type":"WebSite","@id":"https:\/\/acoutech.ch\/fr\/#website","url":"https:\/\/acoutech.ch\/fr\/","name":"acoutech gmbh","description":"Raumakustische Systeme","publisher":{"@id":"https:\/\/acoutech.ch\/fr\/#organization"},"potentialAction":[{"@type":"SearchAction","target":{"@type":"EntryPoint","urlTemplate":"https:\/\/acoutech.ch\/fr\/?s={search_term_string}"},"query-input":{"@type":"PropertyValueSpecification","valueRequired":true,"valueName":"search_term_string"}}],"inLanguage":"fr-FR"},{"@type":"Organization","@id":"https:\/\/acoutech.ch\/fr\/#organization","name":"acoutech gmbh","url":"https:\/\/acoutech.ch\/fr\/","logo":{"@type":"ImageObject","inLanguage":"fr-FR","@id":"https:\/\/acoutech.ch\/fr\/#\/schema\/logo\/image\/","url":"https:\/\/acoutech.ch\/wp-content\/uploads\/2024\/07\/Acoutech_Logo_2024_WEB-opt.png","contentUrl":"https:\/\/acoutech.ch\/wp-content\/uploads\/2024\/07\/Acoutech_Logo_2024_WEB-opt.png","width":348,"height":45,"caption":"acoutech gmbh"},"image":{"@id":"https:\/\/acoutech.ch\/fr\/#\/schema\/logo\/image\/"}}]}},"_links":{"self":[{"href":"https:\/\/acoutech.ch\/fr\/wp-json\/wp\/v2\/pages\/3376","targetHints":{"allow":["GET"]}}],"collection":[{"href":"https:\/\/acoutech.ch\/fr\/wp-json\/wp\/v2\/pages"}],"about":[{"href":"https:\/\/acoutech.ch\/fr\/wp-json\/wp\/v2\/types\/page"}],"author":[{"embeddable":true,"href":"https:\/\/acoutech.ch\/fr\/wp-json\/wp\/v2\/users\/4"}],"replies":[{"embeddable":true,"href":"https:\/\/acoutech.ch\/fr\/wp-json\/wp\/v2\/comments?post=3376"}],"version-history":[{"count":1,"href":"https:\/\/acoutech.ch\/fr\/wp-json\/wp\/v2\/pages\/3376\/revisions"}],"predecessor-version":[{"id":3997,"href":"https:\/\/acoutech.ch\/fr\/wp-json\/wp\/v2\/pages\/3376\/revisions\/3997"}],"wp:attachment":[{"href":"https:\/\/acoutech.ch\/fr\/wp-json\/wp\/v2\/media?parent=3376"}],"curies":[{"name":"wp","href":"https:\/\/api.w.org\/{rel}","templated":true}]}}