{"id":568,"date":"2022-04-20T09:10:13","date_gmt":"2022-04-20T07:10:13","guid":{"rendered":"https:\/\/2022.acoutech.ch\/impressum\/"},"modified":"2026-01-22T11:55:51","modified_gmt":"2026-01-22T10:55:51","slug":"mentions-legales","status":"publish","type":"page","link":"https:\/\/acoutech.ch\/fr\/mentions-legales\/","title":{"rendered":"Mentions l\u00e9gales"},"content":{"rendered":"<div class=\"wpb-content-wrapper\"><p>[vc_row css_animation=&#8221;&#8221; row_type=&#8221;row&#8221; use_row_as_full_screen_section=&#8221;no&#8221; type=&#8221;grid&#8221; angled_section=&#8221;no&#8221; text_align=&#8221;left&#8221; background_image_as_pattern=&#8221;without_pattern&#8221; css=&#8221;.vc_custom_1650439204849{padding-top: 7% !important;}&#8221; z_index=&#8221;&#8221;][vc_column][vc_row_inner row_type=&#8221;row&#8221; type=&#8221;full_width&#8221; text_align=&#8221;left&#8221; css_animation=&#8221;&#8221;][vc_column_inner][vc_column_text]<\/p>\n<h4>Responsable<\/h4>\n<p>[\/vc_column_text][vc_empty_space height=&#8221;15px&#8221;][vc_column_text]acoutech gmbh<br \/>\nSonnenhofstrasse 14<br \/>\nCH-8853 Lachen<br \/>\n<a href=\"&#x6d;&#97;&#x69;&#x6c;&#116;&#x6f;&#x3a;&#105;&#x6e;&#x66;&#111;&#x40;&#x61;c&#x6f;&#x75;t&#x65;&#99;h&#x2e;&#99;h\">&#105;&#x6e;f&#111;&#x40;&#97;&#x63;o&#117;&#x74;e&#x63;&#x68;&#46;&#x63;h<\/a>[\/vc_column_text][vc_empty_space height=&#8221;15px&#8221;][vc_column_text]UID: CHE-110.028.408[\/vc_column_text][vc_empty_space height=&#8221;30px&#8221;][vc_column_text]<\/p>\n<h4>Droits d&#8217;auteur et cr\u00e9dits photographiques<\/h4>\n<p>[\/vc_column_text][vc_empty_space height=&#8221;15px&#8221;][vc_column_text]Les contenus, documents, \u0153uvres et mat\u00e9riaux utilis\u00e9s \u00e0 cet effet, cr\u00e9\u00e9s et mis \u00e0 disposition par l&#8217;exploitant sur ce site Internet, sont soumis au droit d&#8217;auteur (copyright). Le t\u00e9l\u00e9chargement, l&#8217;impression et l&#8217;enregistrement de donn\u00e9es de ce site web pour un usage exclusivement priv\u00e9 sont autoris\u00e9s, toute utilisation d\u00e9passant ce cadre requiert notre autorisation expresse. Dans la mesure o\u00f9 les contenus de ce site Internet n&#8217;ont pas \u00e9t\u00e9 cr\u00e9\u00e9s par l&#8217;exploitant, les droits d&#8217;auteur de tiers sont respect\u00e9s. Les contenus de tiers sont notamment identifi\u00e9s comme tels.[\/vc_column_text][vc_empty_space height=&#8221;15px&#8221;][vc_column_text]Sauf mention contraire \u00a9 acoutech gmbh[\/vc_column_text][vc_empty_space height=&#8221;15px&#8221;][\/vc_column_inner][\/vc_row_inner][vc_row_inner row_type=&#8221;row&#8221; type=&#8221;full_width&#8221; text_align=&#8221;left&#8221; css_animation=&#8221;&#8221;][vc_column_inner width=&#8221;1\/6&#8243;][vc_single_image image=&#8221;773&#8243; img_size=&#8221;600&#215;600&#8243; qode_css_animation=&#8221;&#8221;][vc_empty_space height=&#8221;15px&#8221;][vc_column_text]\u00a9 \u00a0David Birri[\/vc_column_text][vc_empty_space height=&#8221;15px&#8221;][\/vc_column_inner][vc_column_inner width=&#8221;1\/6&#8243;][vc_single_image image=&#8221;469&#8243; img_size=&#8221;600&#215;600&#8243; qode_css_animation=&#8221;&#8221;][vc_empty_space height=&#8221;15px&#8221;][vc_column_text]\u00a9 \u00a0David Birri[\/vc_column_text][vc_empty_space height=&#8221;15px&#8221;][\/vc_column_inner][vc_column_inner width=&#8221;1\/6&#8243;][vc_single_image image=&#8221;777&#8243; img_size=&#8221;600&#215;600&#8243; qode_css_animation=&#8221;&#8221;][vc_empty_space height=&#8221;15px&#8221;][vc_column_text]\u00a9 Sibylle Prestel[\/vc_column_text][vc_empty_space height=&#8221;15px&#8221;][\/vc_column_inner][vc_column_inner width=&#8221;1\/6&#8243;][vc_single_image image=&#8221;767&#8243; img_size=&#8221;600&#215;600&#8243; qode_css_animation=&#8221;&#8221;][vc_empty_space height=&#8221;15px&#8221;][vc_column_text]\u00a9 Michael Moser[\/vc_column_text][vc_empty_space height=&#8221;15px&#8221;][\/vc_column_inner][vc_column_inner width=&#8221;1\/6&#8243;][vc_single_image image=&#8221;504&#8243; img_size=&#8221;600&#215;600&#8243; qode_css_animation=&#8221;&#8221;][vc_empty_space height=&#8221;15px&#8221;][vc_column_text]\u00a9 Martin Risch[\/vc_column_text][vc_empty_space height=&#8221;15px&#8221;][\/vc_column_inner][vc_column_inner width=&#8221;1\/6&#8243;][vc_single_image image=&#8221;505&#8243; img_size=&#8221;600&#215;600&#8243; qode_css_animation=&#8221;&#8221;][vc_empty_space height=&#8221;15px&#8221;][vc_column_text]\u00a9 Martin Risch[\/vc_column_text][vc_empty_space height=&#8221;15px&#8221;][\/vc_column_inner][\/vc_row_inner][vc_row_inner row_type=&#8221;row&#8221; type=&#8221;full_width&#8221; text_align=&#8221;left&#8221; css_animation=&#8221;&#8221;][vc_column_inner][vc_empty_space height=&#8221;30px&#8221;][vc_column_text]<\/p>\n<h4>Site web et graphique<\/h4>\n<p>[\/vc_column_text][vc_empty_space height=&#8221;15px&#8221;][vc_column_text]R\u00e9alisation du site web et du graphique: Angela Grimm, <a href=\"https:\/\/grimm.as-one.ch\/\" target=\"_blank\" rel=\"noopener\">https:\/\/grimm.as-one.ch<\/a><br \/>\nTexte et images: acoutech gmbh <a href=\"https:\/\/acoutech.ch\">https:\/\/acoutech.ch<\/a>[\/vc_column_text][vc_empty_space height=&#8221;30px&#8221;][\/vc_column_inner][\/vc_row_inner][\/vc_column][\/vc_row]<\/p>\n<\/div>","protected":false},"excerpt":{"rendered":"<p>[vc_row css_animation=&#8221;&#8221; row_type=&#8221;row&#8221; use_row_as_full_screen_section=&#8221;no&#8221; type=&#8221;grid&#8221; angled_section=&#8221;no&#8221; text_align=&#8221;left&#8221; background_image_as_pattern=&#8221;without_pattern&#8221; css=&#8221;.vc_custom_1650439204849{padding-top: 7% !important;}&#8221; z_index=&#8221;&#8221;][vc_column][vc_row_inner row_type=&#8221;row&#8221; type=&#8221;full_width&#8221; text_align=&#8221;left&#8221; css_animation=&#8221;&#8221;][vc_column_inner][vc_column_text] Responsable [\/vc_column_text][vc_empty_space height=&#8221;15px&#8221;][vc_column_text]acoutech gmbh Sonnenhofstrasse 14 CH-8853 Lachen &#105;n&#x66;o&#x40;&#97;&#x63;&#111;&#x75;&#116;e&#x63;h&#x2e;&#99;&#x68;[\/vc_column_text][vc_empty_space height=&#8221;15px&#8221;][vc_column_text]UID: CHE-110.028.408[\/vc_column_text][vc_empty_space height=&#8221;30px&#8221;][vc_column_text] Droits d&#8217;auteur et cr\u00e9dits photographiques [\/vc_column_text][vc_empty_space height=&#8221;15px&#8221;][vc_column_text]Les contenus, documents, \u0153uvres et mat\u00e9riaux utilis\u00e9s \u00e0 cet effet, cr\u00e9\u00e9s&#8230;<\/p>\n","protected":false},"author":4,"featured_media":0,"parent":0,"menu_order":19,"comment_status":"closed","ping_status":"closed","template":"full_width.php","meta":{"footnotes":""},"class_list":["post-568","page","type-page","status-publish","hentry"],"yoast_head":"<!-- This site is optimized with the Yoast SEO plugin v27.5 - https:\/\/yoast.com\/product\/yoast-seo-wordpress\/ -->\n<title>Mentions l\u00e9gales - acoutech gmbh<\/title>\n<meta name=\"description\" content=\"Mentions l\u00e9gales, responsable: Acoutech GmbH, Sonnenhofstrasse 14, CH-8853 Lachen, info@acoutech.ch\" \/>\n<meta name=\"robots\" content=\"index, follow, max-snippet:-1, max-image-preview:large, max-video-preview:-1\" \/>\n<link rel=\"canonical\" href=\"https:\/\/acoutech.ch\/fr\/mentions-legales\/\" \/>\n<meta property=\"og:locale\" content=\"fr_FR\" \/>\n<meta property=\"og:type\" content=\"article\" \/>\n<meta property=\"og:title\" content=\"Mentions l\u00e9gales - acoutech gmbh\" \/>\n<meta property=\"og:description\" content=\"Mentions l\u00e9gales, responsable: Acoutech GmbH, Sonnenhofstrasse 14, CH-8853 Lachen, info@acoutech.ch\" \/>\n<meta property=\"og:url\" content=\"https:\/\/acoutech.ch\/fr\/mentions-legales\/\" \/>\n<meta property=\"og:site_name\" content=\"acoutech gmbh\" \/>\n<meta property=\"article:modified_time\" content=\"2026-01-22T10:55:51+00:00\" \/>\n<meta name=\"twitter:card\" content=\"summary_large_image\" \/>\n<meta name=\"twitter:label1\" content=\"Dur\u00e9e de lecture estim\u00e9e\" \/>\n\t<meta name=\"twitter:data1\" content=\"2 minutes\" \/>\n<!-- \/ Yoast SEO plugin. -->","yoast_head_json":{"title":"Mentions l\u00e9gales - acoutech gmbh","description":"Mentions l\u00e9gales, responsable: Acoutech GmbH, Sonnenhofstrasse 14, CH-8853 Lachen, info@acoutech.ch","robots":{"index":"index","follow":"follow","max-snippet":"max-snippet:-1","max-image-preview":"max-image-preview:large","max-video-preview":"max-video-preview:-1"},"canonical":"https:\/\/acoutech.ch\/fr\/mentions-legales\/","og_locale":"fr_FR","og_type":"article","og_title":"Mentions l\u00e9gales - acoutech gmbh","og_description":"Mentions l\u00e9gales, responsable: Acoutech GmbH, Sonnenhofstrasse 14, CH-8853 Lachen, info@acoutech.ch","og_url":"https:\/\/acoutech.ch\/fr\/mentions-legales\/","og_site_name":"acoutech gmbh","article_modified_time":"2026-01-22T10:55:51+00:00","twitter_card":"summary_large_image","twitter_misc":{"Dur\u00e9e de lecture estim\u00e9e":"2 minutes"},"schema":{"@context":"https:\/\/schema.org","@graph":[{"@type":"WebPage","@id":"https:\/\/acoutech.ch\/fr\/mentions-legales\/","url":"https:\/\/acoutech.ch\/fr\/mentions-legales\/","name":"Mentions l\u00e9gales - acoutech gmbh","isPartOf":{"@id":"https:\/\/acoutech.ch\/fr\/#website"},"datePublished":"2022-04-20T07:10:13+00:00","dateModified":"2026-01-22T10:55:51+00:00","description":"Mentions l\u00e9gales, responsable: Acoutech GmbH, Sonnenhofstrasse 14, CH-8853 Lachen, info@acoutech.ch","breadcrumb":{"@id":"https:\/\/acoutech.ch\/fr\/mentions-legales\/#breadcrumb"},"inLanguage":"fr-FR","potentialAction":[{"@type":"ReadAction","target":["https:\/\/acoutech.ch\/fr\/mentions-legales\/"]}]},{"@type":"BreadcrumbList","@id":"https:\/\/acoutech.ch\/fr\/mentions-legales\/#breadcrumb","itemListElement":[{"@type":"ListItem","position":1,"name":"Startseite","item":"https:\/\/acoutech.ch\/fr\/"},{"@type":"ListItem","position":2,"name":"Mentions l\u00e9gales"}]},{"@type":"WebSite","@id":"https:\/\/acoutech.ch\/fr\/#website","url":"https:\/\/acoutech.ch\/fr\/","name":"acoutech gmbh","description":"Raumakustische Systeme","publisher":{"@id":"https:\/\/acoutech.ch\/fr\/#organization"},"potentialAction":[{"@type":"SearchAction","target":{"@type":"EntryPoint","urlTemplate":"https:\/\/acoutech.ch\/fr\/?s={search_term_string}"},"query-input":{"@type":"PropertyValueSpecification","valueRequired":true,"valueName":"search_term_string"}}],"inLanguage":"fr-FR"},{"@type":"Organization","@id":"https:\/\/acoutech.ch\/fr\/#organization","name":"acoutech gmbh","url":"https:\/\/acoutech.ch\/fr\/","logo":{"@type":"ImageObject","inLanguage":"fr-FR","@id":"https:\/\/acoutech.ch\/fr\/#\/schema\/logo\/image\/","url":"https:\/\/acoutech.ch\/wp-content\/uploads\/2024\/07\/Acoutech_Logo_2024_WEB-opt.png","contentUrl":"https:\/\/acoutech.ch\/wp-content\/uploads\/2024\/07\/Acoutech_Logo_2024_WEB-opt.png","width":348,"height":45,"caption":"acoutech gmbh"},"image":{"@id":"https:\/\/acoutech.ch\/fr\/#\/schema\/logo\/image\/"}}]}},"_links":{"self":[{"href":"https:\/\/acoutech.ch\/fr\/wp-json\/wp\/v2\/pages\/568","targetHints":{"allow":["GET"]}}],"collection":[{"href":"https:\/\/acoutech.ch\/fr\/wp-json\/wp\/v2\/pages"}],"about":[{"href":"https:\/\/acoutech.ch\/fr\/wp-json\/wp\/v2\/types\/page"}],"author":[{"embeddable":true,"href":"https:\/\/acoutech.ch\/fr\/wp-json\/wp\/v2\/users\/4"}],"replies":[{"embeddable":true,"href":"https:\/\/acoutech.ch\/fr\/wp-json\/wp\/v2\/comments?post=568"}],"version-history":[{"count":0,"href":"https:\/\/acoutech.ch\/fr\/wp-json\/wp\/v2\/pages\/568\/revisions"}],"wp:attachment":[{"href":"https:\/\/acoutech.ch\/fr\/wp-json\/wp\/v2\/media?parent=568"}],"curies":[{"name":"wp","href":"https:\/\/api.w.org\/{rel}","templated":true}]}}